{"id":262,"date":"2018-04-15T08:46:15","date_gmt":"2018-04-15T08:46:15","guid":{"rendered":"http:\/\/hundesalon-kelheim.de\/?page_id=262"},"modified":"2018-08-15T18:28:07","modified_gmt":"2018-08-15T18:28:07","slug":"baden-foenen","status":"publish","type":"page","link":"https:\/\/hundesalon-kelheim.de\/?page_id=262","title":{"rendered":"Baden &#038; F\u00f6nen"},"content":{"rendered":"<p><img loading=\"lazy\" decoding=\"async\" class=\"size-large wp-image-572 alignright\" src=\"https:\/\/hundesalon-kelheim.de\/wp-content\/uploads\/2018\/08\/7-e1534340658332-768x1024.jpg\" alt=\"\" width=\"720\" height=\"960\" srcset=\"https:\/\/hundesalon-kelheim.de\/wp-content\/uploads\/2018\/08\/7-e1534340658332-768x1024.jpg 768w, https:\/\/hundesalon-kelheim.de\/wp-content\/uploads\/2018\/08\/7-e1534340658332-225x300.jpg 225w\" sizes=\"auto, (max-width: 720px) 100vw, 720px\" \/>Um auch gr\u00f6\u00dferen oder \u00e4lteren Hunden z.B. mit Gelenkproblemen ein sicheres Einsteigen zu erm\u00f6glichen, kann unsere Badewanne bodentief herunter gefahren werden. F\u00fcr die Fellw\u00e4sche verwenden wir speziell auf die Fellstruktur abgestimmte Shampoos. Spezielle Hundeshampoos sind deshalb so wichtig, weil sich Menschen- und Hundehaar bzw. Haut, grundlegend in ihrer Beschaffenheit und ihren Bed\u00fcrfnissen unterscheiden. Hundehaut hat einen basischen pH-Wert der je nach Rasse zwischen 6,0 &#8211; 8,7 liegt. Der pH-Wert der menschlichen Haut hingegen liegt bei 5,5 &#8211; 5,8.<\/p>\n<p>Spezielle Hundeshampoos erhalten den nat\u00fcrlichen S\u00e4ureschutzmantel der Haut und haben eine r\u00fcckfettende Wirkung. Das ist sehr wichtig, da ansonsten trockene Haut und unangenehmer Juckreiz die Folge sein kann. Der Einsatz von ungeeigneten Shampoos kann au\u00dferdem dazu f\u00fchren, dass das Fell weniger stark wasserabweisend ist und der Vierbeiner bei N\u00e4sse besonders schnell ausk\u00fchlt.<\/p>\n<p>Die richtige Wahl beim Hundeshampoo lohnt sich also auf jeden Fall!<\/p>\n<p>Um eine schnelle und gr\u00fcndliche Trocknung zu erreichen, verwenden wir nach dem Baden spezielle Hundef\u00f6ne. Durch das gr\u00fcndliche F\u00f6nen schaffen wir die optimale Basis f\u00fcr ein sauberes Ergebnis beim Schneiden oder Scheren.<\/p>\n<p>&nbsp;<\/p>\n","protected":false},"excerpt":{"rendered":"<p>Um auch gr\u00f6\u00dferen oder \u00e4lteren Hunden z.B. mit Gelenkproblemen ein sicheres Einsteigen zu erm\u00f6glichen, kann unsere Badewanne bodentief herunter gefahren werden. F\u00fcr die Fellw\u00e4sche verwenden wir speziell auf die Fellstruktur abgestimmte Shampoos. Spezielle Hundeshampoos sind deshalb so wichtig, weil sich<\/p>\n","protected":false},"author":1,"featured_media":0,"parent":15,"menu_order":0,"comment_status":"closed","ping_status":"closed","template":"","meta":{"footnotes":""},"class_list":["post-262","page","type-page","status-publish","hentry"],"_links":{"self":[{"href":"https:\/\/hundesalon-kelheim.de\/index.php?rest_route=\/wp\/v2\/pages\/262","targetHints":{"allow":["GET"]}}],"collection":[{"href":"https:\/\/hundesalon-kelheim.de\/index.php?rest_route=\/wp\/v2\/pages"}],"about":[{"href":"https:\/\/hundesalon-kelheim.de\/index.php?rest_route=\/wp\/v2\/types\/page"}],"author":[{"embeddable":true,"href":"https:\/\/hundesalon-kelheim.de\/index.php?rest_route=\/wp\/v2\/users\/1"}],"replies":[{"embeddable":true,"href":"https:\/\/hundesalon-kelheim.de\/index.php?rest_route=%2Fwp%2Fv2%2Fcomments&post=262"}],"version-history":[{"count":7,"href":"https:\/\/hundesalon-kelheim.de\/index.php?rest_route=\/wp\/v2\/pages\/262\/revisions"}],"predecessor-version":[{"id":582,"href":"https:\/\/hundesalon-kelheim.de\/index.php?rest_route=\/wp\/v2\/pages\/262\/revisions\/582"}],"up":[{"embeddable":true,"href":"https:\/\/hundesalon-kelheim.de\/index.php?rest_route=\/wp\/v2\/pages\/15"}],"wp:attachment":[{"href":"https:\/\/hundesalon-kelheim.de\/index.php?rest_route=%2Fwp%2Fv2%2Fmedia&parent=262"}],"curies":[{"name":"wp","href":"https:\/\/api.w.org\/{rel}","templated":true}]}}