{"id":289,"date":"2018-05-03T16:56:53","date_gmt":"2018-05-03T16:56:53","guid":{"rendered":"http:\/\/hundesalon-kelheim.de\/?page_id=289"},"modified":"2018-10-01T07:14:20","modified_gmt":"2018-10-01T07:14:20","slug":"schneiden-scheren","status":"publish","type":"page","link":"https:\/\/hundesalon-kelheim.de\/?page_id=289","title":{"rendered":"Schneiden &#038; Scheren"},"content":{"rendered":"<p>Mit hochwertigen Scheren wird das Fell deines Lieblings auf die von dir gew\u00fcnschte L\u00e4nge gek\u00fcrzt oder ausged\u00fcnnt. Auch die Schur deines Lieblings kann Rassetypisch oder ganz individuell nach deinen W\u00fcnschen erfolgen. Gerne berate ich dich auch \u00fcber einen kreativen Mischlingsschnitt.<\/p>\n<p>Es ist aber nicht jede Rasse f\u00fcr eine Schur geeignet. Warum du z.B. deinem Golden Retriever mit einer \u201cSommerschur\u201d keinen dauerhaften Gefallen erweist, kannst du unter \u201cUnterwolle entfernen\u201d nachlesen.<\/p>\n","protected":false},"excerpt":{"rendered":"<p>Mit hochwertigen Scheren wird das Fell deines Lieblings auf die von dir gew\u00fcnschte L\u00e4nge gek\u00fcrzt oder ausged\u00fcnnt. Auch die Schur deines Lieblings kann Rassetypisch oder ganz individuell nach deinen W\u00fcnschen erfolgen. Gerne berate ich dich auch \u00fcber einen kreativen Mischlingsschnitt.<\/p>\n","protected":false},"author":1,"featured_media":0,"parent":15,"menu_order":0,"comment_status":"closed","ping_status":"closed","template":"","meta":{"footnotes":""},"class_list":["post-289","page","type-page","status-publish","hentry"],"_links":{"self":[{"href":"https:\/\/hundesalon-kelheim.de\/index.php?rest_route=\/wp\/v2\/pages\/289","targetHints":{"allow":["GET"]}}],"collection":[{"href":"https:\/\/hundesalon-kelheim.de\/index.php?rest_route=\/wp\/v2\/pages"}],"about":[{"href":"https:\/\/hundesalon-kelheim.de\/index.php?rest_route=\/wp\/v2\/types\/page"}],"author":[{"embeddable":true,"href":"https:\/\/hundesalon-kelheim.de\/index.php?rest_route=\/wp\/v2\/users\/1"}],"replies":[{"embeddable":true,"href":"https:\/\/hundesalon-kelheim.de\/index.php?rest_route=%2Fwp%2Fv2%2Fcomments&post=289"}],"version-history":[{"count":5,"href":"https:\/\/hundesalon-kelheim.de\/index.php?rest_route=\/wp\/v2\/pages\/289\/revisions"}],"predecessor-version":[{"id":650,"href":"https:\/\/hundesalon-kelheim.de\/index.php?rest_route=\/wp\/v2\/pages\/289\/revisions\/650"}],"up":[{"embeddable":true,"href":"https:\/\/hundesalon-kelheim.de\/index.php?rest_route=\/wp\/v2\/pages\/15"}],"wp:attachment":[{"href":"https:\/\/hundesalon-kelheim.de\/index.php?rest_route=%2Fwp%2Fv2%2Fmedia&parent=289"}],"curies":[{"name":"wp","href":"https:\/\/api.w.org\/{rel}","templated":true}]}}