{"id":291,"date":"2018-05-03T16:57:09","date_gmt":"2018-05-03T16:57:09","guid":{"rendered":"http:\/\/hundesalon-kelheim.de\/?page_id=291"},"modified":"2023-04-29T21:45:00","modified_gmt":"2023-04-29T21:45:00","slug":"trimmen","status":"publish","type":"page","link":"https:\/\/hundesalon-kelheim.de\/?page_id=291","title":{"rendered":"Trimmen"},"content":{"rendered":"<div class=\"wp-block-image is-style-default\">\n<figure class=\"aligncenter size-large is-resized\"><img loading=\"lazy\" decoding=\"async\" src=\"https:\/\/hundesalon-kelheim.de\/wp-content\/uploads\/2020\/08\/trimm2-768x1024.jpg\" alt=\"\" class=\"wp-image-950\" width=\"552\" height=\"734\"\/><\/figure>\n<\/div>\n\n\n<p>Beim Trimmen wird abgestorbenes Deckhaar fachgerecht ausgezupft, die richtige Trimmtechnik ist hierf\u00fcr sehr entscheidend. Richtiges Trimmen ist f\u00fcr den Hund nicht schmerzhaft, sondern schafft sogar Erleichterung. Das Deckhaar hat eine Lebensdauer von 8-12 Wochen. Nach dieser Zeit werden die Nervenenden nicht mehr versorgt und sterben ab. Das abgestorbene Deckhaar bleibt aber in der Haut stecken, so dass sich das neue Haar nicht richtig entwickeln kann. Durch das herauszupfen des abgestorbenen Deckhaares, schafft man Platz f\u00fcr das neue Haar. <\/p>\n\n\n\n<p><br><strong>Da kann ganz sch\u00f6n viel anfallen:<\/strong><\/p>\n\n\n\n<figure class=\"wp-block-image size-large\"><img loading=\"lazy\" decoding=\"async\" width=\"768\" height=\"1024\" src=\"https:\/\/hundesalon-kelheim.de\/wp-content\/uploads\/2023\/04\/IMG_20220325_115833-768x1024.jpg\" alt=\"\" class=\"wp-image-1087\" srcset=\"https:\/\/hundesalon-kelheim.de\/wp-content\/uploads\/2023\/04\/IMG_20220325_115833-768x1024.jpg 768w, https:\/\/hundesalon-kelheim.de\/wp-content\/uploads\/2023\/04\/IMG_20220325_115833-225x300.jpg 225w, https:\/\/hundesalon-kelheim.de\/wp-content\/uploads\/2023\/04\/IMG_20220325_115833-1152x1536.jpg 1152w, https:\/\/hundesalon-kelheim.de\/wp-content\/uploads\/2023\/04\/IMG_20220325_115833-1536x2048.jpg 1536w, https:\/\/hundesalon-kelheim.de\/wp-content\/uploads\/2023\/04\/IMG_20220325_115833-scaled.jpg 1920w\" sizes=\"auto, (max-width: 768px) 100vw, 768px\" \/><\/figure>\n\n\n\n<figure class=\"wp-block-image size-large\"><img loading=\"lazy\" decoding=\"async\" width=\"768\" height=\"1024\" src=\"https:\/\/hundesalon-kelheim.de\/wp-content\/uploads\/2023\/04\/IMG_20220325_115925-768x1024.jpg\" alt=\"\" class=\"wp-image-1088\" srcset=\"https:\/\/hundesalon-kelheim.de\/wp-content\/uploads\/2023\/04\/IMG_20220325_115925-768x1024.jpg 768w, https:\/\/hundesalon-kelheim.de\/wp-content\/uploads\/2023\/04\/IMG_20220325_115925-225x300.jpg 225w, https:\/\/hundesalon-kelheim.de\/wp-content\/uploads\/2023\/04\/IMG_20220325_115925-1152x1536.jpg 1152w, https:\/\/hundesalon-kelheim.de\/wp-content\/uploads\/2023\/04\/IMG_20220325_115925-1536x2048.jpg 1536w, https:\/\/hundesalon-kelheim.de\/wp-content\/uploads\/2023\/04\/IMG_20220325_115925-scaled.jpg 1920w\" sizes=\"auto, (max-width: 768px) 100vw, 768px\" \/><\/figure>\n\n\n\n<p><br><em><strong>Warum nicht einfach abscheren?<\/strong><\/em><\/p>\n\n\n\n<p>Die toten Haarwurzeln die beim Scheren im Fell zur\u00fcck bleiben, f\u00f6rdern unangenehmen Juckreiz. Trimmen hat au\u00dferdem den Vorteil, das die typische Fellstruktur Ihres Rauhaars sowie die Fellfarbe erhalten bleibt. Beim Scheren werden die Farbreichen und harten Haarspitzen abgeschoren. Die mit abgeschorene Unterwolle w\u00e4chst au\u00dferdem \u00fcppiger nach und neues Haar kommt viel schlechter durch. Das zuvor harsche Deckhaar wird weicher, oft sogar lockig und verblasst.<\/p>\n\n\n\n<p>Es reicht schon einmaliges abscheren aus, um das typische Rauhaarfell zu ver\u00e4ndern.<\/p>\n\n\n\n<hr class=\"wp-block-separator has-alpha-channel-opacity\"\/>\n\n\n\n<p><strong>Getrimmt werden z.B. folgende Rassen:<\/strong><\/p>\n\n\n\n<ul class=\"wp-block-list\">\n<li>Fox Terrier<\/li>\n\n\n\n<li>Welsh Terrier<\/li>\n\n\n\n<li>Rauhaardackel<\/li>\n\n\n\n<li>Airedale Terrier<\/li>\n\n\n\n<li>Border Terrier<\/li>\n\n\n\n<li>Deutsch Drahthaar<\/li>\n\n\n\n<li>Parson Jack Russel<\/li>\n\n\n\n<li>Griffon<\/li>\n\n\n\n<li>Irischer Wolfshund<\/li>\n\n\n\n<li>usw.<\/li>\n<\/ul>\n\n\n\n<p><strong>Gerne berate ich dich pers\u00f6nlich ob dein Hund getrimmt werden kann und ob sein Fell die daf\u00fcr ben\u00f6tigte Reife besitzt.<\/strong><\/p>\n\n\n\n<hr class=\"wp-block-separator has-alpha-channel-opacity\"\/>\n\n\n\n<p><span style=\"color: #ff0000;\">Wichtig: Bitte bade deinen Rauhaar mindestens 2-3 Wochen vor dem Trimmen nicht mehr mit Shampoo, da das Fell sonst zu weich und nicht mehr griffig genug ist.<\/span><\/p>\n","protected":false},"excerpt":{"rendered":"<p>Beim Trimmen wird abgestorbenes Deckhaar fachgerecht ausgezupft, die richtige Trimmtechnik ist hierf\u00fcr sehr entscheidend. Richtiges Trimmen ist f\u00fcr den Hund nicht schmerzhaft, sondern schafft sogar Erleichterung. Das Deckhaar hat eine Lebensdauer von 8-12 Wochen. Nach dieser Zeit werden die Nervenenden<\/p>\n","protected":false},"author":1,"featured_media":950,"parent":15,"menu_order":0,"comment_status":"closed","ping_status":"closed","template":"","meta":{"footnotes":""},"class_list":["post-291","page","type-page","status-publish","has-post-thumbnail","hentry"],"_links":{"self":[{"href":"https:\/\/hundesalon-kelheim.de\/index.php?rest_route=\/wp\/v2\/pages\/291","targetHints":{"allow":["GET"]}}],"collection":[{"href":"https:\/\/hundesalon-kelheim.de\/index.php?rest_route=\/wp\/v2\/pages"}],"about":[{"href":"https:\/\/hundesalon-kelheim.de\/index.php?rest_route=\/wp\/v2\/types\/page"}],"author":[{"embeddable":true,"href":"https:\/\/hundesalon-kelheim.de\/index.php?rest_route=\/wp\/v2\/users\/1"}],"replies":[{"embeddable":true,"href":"https:\/\/hundesalon-kelheim.de\/index.php?rest_route=%2Fwp%2Fv2%2Fcomments&post=291"}],"version-history":[{"count":10,"href":"https:\/\/hundesalon-kelheim.de\/index.php?rest_route=\/wp\/v2\/pages\/291\/revisions"}],"predecessor-version":[{"id":1089,"href":"https:\/\/hundesalon-kelheim.de\/index.php?rest_route=\/wp\/v2\/pages\/291\/revisions\/1089"}],"up":[{"embeddable":true,"href":"https:\/\/hundesalon-kelheim.de\/index.php?rest_route=\/wp\/v2\/pages\/15"}],"wp:featuredmedia":[{"embeddable":true,"href":"https:\/\/hundesalon-kelheim.de\/index.php?rest_route=\/wp\/v2\/media\/950"}],"wp:attachment":[{"href":"https:\/\/hundesalon-kelheim.de\/index.php?rest_route=%2Fwp%2Fv2%2Fmedia&parent=291"}],"curies":[{"name":"wp","href":"https:\/\/api.w.org\/{rel}","templated":true}]}}