{"id":293,"date":"2018-05-03T16:57:26","date_gmt":"2018-05-03T16:57:26","guid":{"rendered":"http:\/\/hundesalon-kelheim.de\/?page_id=293"},"modified":"2019-06-19T07:34:11","modified_gmt":"2019-06-19T07:34:11","slug":"unterwolle-entfernen","status":"publish","type":"page","link":"https:\/\/hundesalon-kelheim.de\/?page_id=293","title":{"rendered":"Unterwolle entfernen"},"content":{"rendered":"<p>Unterwolle entfernt man bei allen Hunderassen mit zweischichtigen Fell. Hunde mit zweischichtigen Fell haben eine Deckschicht und eine Unterwollschicht.<\/p>\n<p>Das Entfernen der Unterwolle hilft Verfilzungen und das Entstehen von Hautekzemen zu vermeiden. Manche Hunderassen haben besonders starke Unterwolle, die dem Hund vor allem im Sommer zu schaffen macht. Das Entfernen der toten Unterwolle l\u00e4sst die Haut wieder richtig durchatmen und hilft dem Fell bei seiner klimaregulierenden Funktion.<\/p>\n<hr \/>\n<h5><strong>Was passiert wenn man bis auf die Unterwolle abschert?<\/strong><\/h5>\n<p>W\u00fcrde man diese Hunderassen einfach bis auf die Unterwolle abscheren, w\u00fcrde das abgeschorene Deckhaar seine Schutzfunktion z.B. vor Sonneneinstrahlung verlieren &#8211; denn die Unterwolle allein sch\u00fctzt nicht.<\/p>\n<p>Da die tote Unterwolle nach dem abscheren im Fell zur\u00fcck bleibt, k\u00f6nnte die Haut auch weiterhin nicht richtig durchatmen. Durch wiederholtes abscheren w\u00fcrde die Unterwolle mit der Zeit dann sogar immer dichter nachwachsen.<\/p>\n<p>Der Hund neigt noch schneller zu Verfilzungen und das nun fehlende sch\u00fctzende Deckhaar, wird durch die immer dichter wachsende Unterwolle verdr\u00e4ngt.<\/p>\n<h6><strong><em><span style=\"color: #000000;\">Das kommt daher, weil das Deckhaar viel langsamer als die Unterwolle w\u00e4chst. Schert man Unterwolle und Deckhaar auf eine L\u00e4nge ab, hat das Deckhaar immer weniger die M\u00f6glichkeit sch\u00f6n nachzuwachsen.<\/span>\u00a0<\/em><\/strong><\/h6>\n<p>Im schlimmsten Fall kann es sogar passieren, dass das Deckhaar irgendwann wenig bis gar nicht mehr nachw\u00e4chst.<\/p>\n<hr \/>\n<h5><strong>Kann man das Fell von Unterwollhunden k\u00fcrzen?<\/strong><\/h5>\n<p>Ja, man kann das Deckhaar k\u00fcrzen um es pflegeleichter zu machen. Man darf dabei aber wie oben beschrieben nicht in die Unterwolle eingreifen.<\/p>\n<hr \/>\n<h5><strong>Fazit: Eine komplette Schur ist bei manchen Hunderassen nur eine kurzzeitige Erleichterung. Um dem Hund eine nachhaltige Erleichterung zu verschaffen, sollte man das Fell lieber von der alten Unterwolle befreien und ggf. das Deckhaar k\u00fcrzen. Nur so kann die Haut wieder richtig durchatmen.<\/strong><\/h5>\n<hr \/>\n<p>Hunderassen die von ihrer Unterwolle befreit werden sollten sind z.B.<\/p>\n<ul>\n<li>Golden Retriever<\/li>\n<li>Labrador Retriever<\/li>\n<li>Bernersennen<\/li>\n<li>Australian Shepherd<\/li>\n<li>Husky<\/li>\n<li>Leonberger<\/li>\n<li>Border Collie<\/li>\n<li>Hovawart<\/li>\n<li>Neufundl\u00e4nder<\/li>\n<li>Mops<\/li>\n<li>usw.<\/li>\n<\/ul>\n","protected":false},"excerpt":{"rendered":"<p>Unterwolle entfernt man bei allen Hunderassen mit zweischichtigen Fell. Hunde mit zweischichtigen Fell haben eine Deckschicht und eine Unterwollschicht. Das Entfernen der Unterwolle hilft Verfilzungen und das Entstehen von Hautekzemen zu vermeiden. Manche Hunderassen haben besonders starke Unterwolle, die dem<\/p>\n","protected":false},"author":1,"featured_media":0,"parent":15,"menu_order":0,"comment_status":"closed","ping_status":"closed","template":"","meta":{"footnotes":""},"class_list":["post-293","page","type-page","status-publish","hentry"],"_links":{"self":[{"href":"https:\/\/hundesalon-kelheim.de\/index.php?rest_route=\/wp\/v2\/pages\/293","targetHints":{"allow":["GET"]}}],"collection":[{"href":"https:\/\/hundesalon-kelheim.de\/index.php?rest_route=\/wp\/v2\/pages"}],"about":[{"href":"https:\/\/hundesalon-kelheim.de\/index.php?rest_route=\/wp\/v2\/types\/page"}],"author":[{"embeddable":true,"href":"https:\/\/hundesalon-kelheim.de\/index.php?rest_route=\/wp\/v2\/users\/1"}],"replies":[{"embeddable":true,"href":"https:\/\/hundesalon-kelheim.de\/index.php?rest_route=%2Fwp%2Fv2%2Fcomments&post=293"}],"version-history":[{"count":24,"href":"https:\/\/hundesalon-kelheim.de\/index.php?rest_route=\/wp\/v2\/pages\/293\/revisions"}],"predecessor-version":[{"id":877,"href":"https:\/\/hundesalon-kelheim.de\/index.php?rest_route=\/wp\/v2\/pages\/293\/revisions\/877"}],"up":[{"embeddable":true,"href":"https:\/\/hundesalon-kelheim.de\/index.php?rest_route=\/wp\/v2\/pages\/15"}],"wp:attachment":[{"href":"https:\/\/hundesalon-kelheim.de\/index.php?rest_route=%2Fwp%2Fv2%2Fmedia&parent=293"}],"curies":[{"name":"wp","href":"https:\/\/api.w.org\/{rel}","templated":true}]}}