{"id":295,"date":"2018-05-03T16:57:44","date_gmt":"2018-05-03T16:57:44","guid":{"rendered":"http:\/\/hundesalon-kelheim.de\/?page_id=295"},"modified":"2020-08-29T12:02:17","modified_gmt":"2020-08-29T12:02:17","slug":"entfilzen-buersten","status":"publish","type":"page","link":"https:\/\/hundesalon-kelheim.de\/?page_id=295","title":{"rendered":"Entfilzen &#038; B\u00fcrsten"},"content":{"rendered":"<p>Verfilztes Fell l\u00e4sst die Haut nicht mehr richtig atmen und unterst\u00fctzt den N\u00e4hrboden f\u00fcr Bakterien und Parasiten. Auch Ekzeme oder Pilzinfektionen k\u00f6nnen durch verfilztes Fell entstehen. Ist die Verfilzung nicht zu weit fortgeschritten, l\u00e4sst sie sich mit diversen Spezialwerkzeugen entfernen. Das Fell bleibt erhalten und muss somit nicht abgeschoren werden. Gerne beraten ich dich auch pers\u00f6nlich \u00fcber die richtige Fellpflege deines Vierbeiners.<\/p>\n<p>Dieses Fell war leider nicht mehr zu retten \ud83d\ude41 Man kann sich ganz gut vorstellen, was f\u00fcr eine Last so ein Filzpanzer sein muss.\u00a0\u00a0<\/p>\n<p>\u00a0<\/p>\n\n\n<figure class=\"wp-block-image size-large is-style-default\"><img loading=\"lazy\" decoding=\"async\" width=\"1024\" height=\"768\" src=\"https:\/\/hundesalon-kelheim.de\/wp-content\/uploads\/2020\/08\/filzcolage-1024x768.jpg\" alt=\"\" class=\"wp-image-954\" srcset=\"https:\/\/hundesalon-kelheim.de\/wp-content\/uploads\/2020\/08\/filzcolage-1024x768.jpg 1024w, https:\/\/hundesalon-kelheim.de\/wp-content\/uploads\/2020\/08\/filzcolage-300x225.jpg 300w, https:\/\/hundesalon-kelheim.de\/wp-content\/uploads\/2020\/08\/filzcolage-768x576.jpg 768w, https:\/\/hundesalon-kelheim.de\/wp-content\/uploads\/2020\/08\/filzcolage.jpg 1440w\" sizes=\"auto, (max-width: 1024px) 100vw, 1024px\" \/><\/figure>\n","protected":false},"excerpt":{"rendered":"<p>Verfilztes Fell l\u00e4sst die Haut nicht mehr richtig atmen und unterst\u00fctzt den N\u00e4hrboden f\u00fcr Bakterien und Parasiten. Auch Ekzeme oder Pilzinfektionen k\u00f6nnen durch verfilztes Fell entstehen. Ist die Verfilzung nicht zu weit fortgeschritten, l\u00e4sst sie sich mit diversen Spezialwerkzeugen entfernen.<\/p>\n","protected":false},"author":1,"featured_media":0,"parent":15,"menu_order":0,"comment_status":"closed","ping_status":"closed","template":"","meta":{"footnotes":""},"class_list":["post-295","page","type-page","status-publish","hentry"],"_links":{"self":[{"href":"https:\/\/hundesalon-kelheim.de\/index.php?rest_route=\/wp\/v2\/pages\/295","targetHints":{"allow":["GET"]}}],"collection":[{"href":"https:\/\/hundesalon-kelheim.de\/index.php?rest_route=\/wp\/v2\/pages"}],"about":[{"href":"https:\/\/hundesalon-kelheim.de\/index.php?rest_route=\/wp\/v2\/types\/page"}],"author":[{"embeddable":true,"href":"https:\/\/hundesalon-kelheim.de\/index.php?rest_route=\/wp\/v2\/users\/1"}],"replies":[{"embeddable":true,"href":"https:\/\/hundesalon-kelheim.de\/index.php?rest_route=%2Fwp%2Fv2%2Fcomments&post=295"}],"version-history":[{"count":8,"href":"https:\/\/hundesalon-kelheim.de\/index.php?rest_route=\/wp\/v2\/pages\/295\/revisions"}],"predecessor-version":[{"id":957,"href":"https:\/\/hundesalon-kelheim.de\/index.php?rest_route=\/wp\/v2\/pages\/295\/revisions\/957"}],"up":[{"embeddable":true,"href":"https:\/\/hundesalon-kelheim.de\/index.php?rest_route=\/wp\/v2\/pages\/15"}],"wp:attachment":[{"href":"https:\/\/hundesalon-kelheim.de\/index.php?rest_route=%2Fwp%2Fv2%2Fmedia&parent=295"}],"curies":[{"name":"wp","href":"https:\/\/api.w.org\/{rel}","templated":true}]}}