{"id":297,"date":"2018-05-03T16:57:57","date_gmt":"2018-05-03T16:57:57","guid":{"rendered":"http:\/\/hundesalon-kelheim.de\/?page_id=297"},"modified":"2018-05-05T10:48:37","modified_gmt":"2018-05-05T10:48:37","slug":"augen-ubd-ohrenpflege","status":"publish","type":"page","link":"https:\/\/hundesalon-kelheim.de\/?page_id=297","title":{"rendered":"Augen- und Ohrenpflege"},"content":{"rendered":"<p>Bei manchen Rassen ist es notwendig, den Augen und Ohren besondere Aufmerksamkeit zu schenken. Oft kommt es unter den Augen zu unsch\u00f6nen braunen Verf\u00e4rbungen oder gar zu Entz\u00fcndungsreaktionen. \u00dcberm\u00e4\u00dfiger Haarwuchs im Geh\u00f6rgang wird bei uns im Salon schonend entfernt. Auch der \u00e4u\u00dfere Geh\u00f6rgang und die Ohrmuschel werden mit geeigneten Pflegeprodukten gereinigt und gepflegt.<\/p>\n","protected":false},"excerpt":{"rendered":"<p>Bei manchen Rassen ist es notwendig, den Augen und Ohren besondere Aufmerksamkeit zu schenken. Oft kommt es unter den Augen zu unsch\u00f6nen braunen Verf\u00e4rbungen oder gar zu Entz\u00fcndungsreaktionen. \u00dcberm\u00e4\u00dfiger Haarwuchs im Geh\u00f6rgang wird bei uns im Salon schonend entfernt. Auch<\/p>\n","protected":false},"author":1,"featured_media":0,"parent":15,"menu_order":0,"comment_status":"closed","ping_status":"closed","template":"","meta":{"footnotes":""},"class_list":["post-297","page","type-page","status-publish","hentry"],"_links":{"self":[{"href":"https:\/\/hundesalon-kelheim.de\/index.php?rest_route=\/wp\/v2\/pages\/297","targetHints":{"allow":["GET"]}}],"collection":[{"href":"https:\/\/hundesalon-kelheim.de\/index.php?rest_route=\/wp\/v2\/pages"}],"about":[{"href":"https:\/\/hundesalon-kelheim.de\/index.php?rest_route=\/wp\/v2\/types\/page"}],"author":[{"embeddable":true,"href":"https:\/\/hundesalon-kelheim.de\/index.php?rest_route=\/wp\/v2\/users\/1"}],"replies":[{"embeddable":true,"href":"https:\/\/hundesalon-kelheim.de\/index.php?rest_route=%2Fwp%2Fv2%2Fcomments&post=297"}],"version-history":[{"count":6,"href":"https:\/\/hundesalon-kelheim.de\/index.php?rest_route=\/wp\/v2\/pages\/297\/revisions"}],"predecessor-version":[{"id":364,"href":"https:\/\/hundesalon-kelheim.de\/index.php?rest_route=\/wp\/v2\/pages\/297\/revisions\/364"}],"up":[{"embeddable":true,"href":"https:\/\/hundesalon-kelheim.de\/index.php?rest_route=\/wp\/v2\/pages\/15"}],"wp:attachment":[{"href":"https:\/\/hundesalon-kelheim.de\/index.php?rest_route=%2Fwp%2Fv2%2Fmedia&parent=297"}],"curies":[{"name":"wp","href":"https:\/\/api.w.org\/{rel}","templated":true}]}}