{"id":299,"date":"2018-05-03T16:58:09","date_gmt":"2018-05-03T16:58:09","guid":{"rendered":"http:\/\/hundesalon-kelheim.de\/?page_id=299"},"modified":"2026-01-11T19:20:14","modified_gmt":"2026-01-11T19:20:14","slug":"pfoten-und-krallenpflege","status":"publish","type":"page","link":"https:\/\/hundesalon-kelheim.de\/?page_id=299","title":{"rendered":"Pfoten- und Krallenpflege"},"content":{"rendered":"<p>Wenn die Krallen erst mal so lang gewachsen sind das der Gang oder Lauf nicht mehr richtig im Ballen abfedern kann, wird es gef\u00e4hrlich. Der gesamte Bewegungsapparat wird strapaziert, was zu Fehlstellungen oder Krankheiten wie Arthrose f\u00fchren kann.<\/p>\n<p>Normalerweise nutzen sich die Krallen des Hundes bei ausreichender Bewegung von selbst ab. Bei Bewegungseinschr\u00e4nkungen (z.b. bei alten Tieren) oder bei h\u00e4ufigen laufen auf weichen Boden wie z.B. Feld- und Waldwegen, kann es passieren das sich die Krallen nicht mehr gen\u00fcgend abnutzen.<\/p>\n<p>Zu lange Krallen k\u00f6nnen jeden Schritt schwer machen:<\/p>\n\n\n<figure class=\"wp-block-image size-large\"><img loading=\"lazy\" decoding=\"async\" width=\"1024\" height=\"862\" src=\"https:\/\/hundesalon-kelheim.de\/wp-content\/uploads\/2026\/01\/IMG_20251208_110227-1024x862.jpg\" alt=\"\" class=\"wp-image-1130\" srcset=\"https:\/\/hundesalon-kelheim.de\/wp-content\/uploads\/2026\/01\/IMG_20251208_110227-1024x862.jpg 1024w, https:\/\/hundesalon-kelheim.de\/wp-content\/uploads\/2026\/01\/IMG_20251208_110227-300x252.jpg 300w, https:\/\/hundesalon-kelheim.de\/wp-content\/uploads\/2026\/01\/IMG_20251208_110227-768x646.jpg 768w, https:\/\/hundesalon-kelheim.de\/wp-content\/uploads\/2026\/01\/IMG_20251208_110227-1536x1292.jpg 1536w, https:\/\/hundesalon-kelheim.de\/wp-content\/uploads\/2026\/01\/IMG_20251208_110227-2048x1723.jpg 2048w\" sizes=\"auto, (max-width: 1024px) 100vw, 1024px\" \/><\/figure>\n","protected":false},"excerpt":{"rendered":"<p>Wenn die Krallen erst mal so lang gewachsen sind das der Gang oder Lauf nicht mehr richtig im Ballen abfedern kann, wird es gef\u00e4hrlich. Der gesamte Bewegungsapparat wird strapaziert, was zu Fehlstellungen oder Krankheiten wie Arthrose f\u00fchren kann. Normalerweise nutzen<\/p>\n","protected":false},"author":1,"featured_media":0,"parent":15,"menu_order":0,"comment_status":"closed","ping_status":"closed","template":"","meta":{"footnotes":""},"class_list":["post-299","page","type-page","status-publish","hentry"],"_links":{"self":[{"href":"https:\/\/hundesalon-kelheim.de\/index.php?rest_route=\/wp\/v2\/pages\/299","targetHints":{"allow":["GET"]}}],"collection":[{"href":"https:\/\/hundesalon-kelheim.de\/index.php?rest_route=\/wp\/v2\/pages"}],"about":[{"href":"https:\/\/hundesalon-kelheim.de\/index.php?rest_route=\/wp\/v2\/types\/page"}],"author":[{"embeddable":true,"href":"https:\/\/hundesalon-kelheim.de\/index.php?rest_route=\/wp\/v2\/users\/1"}],"replies":[{"embeddable":true,"href":"https:\/\/hundesalon-kelheim.de\/index.php?rest_route=%2Fwp%2Fv2%2Fcomments&post=299"}],"version-history":[{"count":4,"href":"https:\/\/hundesalon-kelheim.de\/index.php?rest_route=\/wp\/v2\/pages\/299\/revisions"}],"predecessor-version":[{"id":1131,"href":"https:\/\/hundesalon-kelheim.de\/index.php?rest_route=\/wp\/v2\/pages\/299\/revisions\/1131"}],"up":[{"embeddable":true,"href":"https:\/\/hundesalon-kelheim.de\/index.php?rest_route=\/wp\/v2\/pages\/15"}],"wp:attachment":[{"href":"https:\/\/hundesalon-kelheim.de\/index.php?rest_route=%2Fwp%2Fv2%2Fmedia&parent=299"}],"curies":[{"name":"wp","href":"https:\/\/api.w.org\/{rel}","templated":true}]}}