{"id":301,"date":"2018-05-03T16:58:30","date_gmt":"2018-05-03T16:58:30","guid":{"rendered":"http:\/\/hundesalon-kelheim.de\/?page_id=301"},"modified":"2026-01-11T19:21:21","modified_gmt":"2026-01-11T19:21:21","slug":"welpenschnupperstunde","status":"publish","type":"page","link":"https:\/\/hundesalon-kelheim.de\/?page_id=301","title":{"rendered":"Welpenschnupperstunde"},"content":{"rendered":"<p>Hunde sollten am besten schon im Welpenalter mit dem Thema K\u00f6rper- und Fellpflege vertraut gemacht werden. Nur so hat der erwachsene Hund sp\u00e4ter bis ins hohe Alter gepflegtes Fell, ohne unn\u00f6tigen Stress aushalten zu m\u00fcssen. Du solltest auch Zuhause deinen kleinen Familienzuwachs immer wieder an das Thema Fellpflege heranf\u00fchren. In unserem Salon darf bei der Welpenschnupperstunde alles beschn\u00fcffelt werden. Der Welpe wird f\u00fcr ruhiges stehen auf dem Tisch belohnt und auch Probesitzen in der Badewanne ist gar nicht schlimm. Erst ohne, sp\u00e4ter auch mal mit Wasser. Je nach Rasse lernt der Welpe bei uns F\u00f6hn, Schermaschine oder Trimmwerkzeug kennen. Spielerisch und ganz ohne Druck, nehmen wir deinem Welpen die Angst vor der K\u00f6rper- und Fellpflege.<\/p>\n<p>&nbsp;<\/p>\n","protected":false},"excerpt":{"rendered":"<p>Hunde sollten am besten schon im Welpenalter mit dem Thema K\u00f6rper- und Fellpflege vertraut gemacht werden. Nur so hat der erwachsene Hund sp\u00e4ter bis ins hohe Alter gepflegtes Fell, ohne unn\u00f6tigen Stress aushalten zu m\u00fcssen. Du solltest auch Zuhause deinen<\/p>\n","protected":false},"author":1,"featured_media":0,"parent":15,"menu_order":0,"comment_status":"closed","ping_status":"closed","template":"","meta":{"footnotes":""},"class_list":["post-301","page","type-page","status-publish","hentry"],"_links":{"self":[{"href":"https:\/\/hundesalon-kelheim.de\/index.php?rest_route=\/wp\/v2\/pages\/301","targetHints":{"allow":["GET"]}}],"collection":[{"href":"https:\/\/hundesalon-kelheim.de\/index.php?rest_route=\/wp\/v2\/pages"}],"about":[{"href":"https:\/\/hundesalon-kelheim.de\/index.php?rest_route=\/wp\/v2\/types\/page"}],"author":[{"embeddable":true,"href":"https:\/\/hundesalon-kelheim.de\/index.php?rest_route=\/wp\/v2\/users\/1"}],"replies":[{"embeddable":true,"href":"https:\/\/hundesalon-kelheim.de\/index.php?rest_route=%2Fwp%2Fv2%2Fcomments&post=301"}],"version-history":[{"count":5,"href":"https:\/\/hundesalon-kelheim.de\/index.php?rest_route=\/wp\/v2\/pages\/301\/revisions"}],"predecessor-version":[{"id":1132,"href":"https:\/\/hundesalon-kelheim.de\/index.php?rest_route=\/wp\/v2\/pages\/301\/revisions\/1132"}],"up":[{"embeddable":true,"href":"https:\/\/hundesalon-kelheim.de\/index.php?rest_route=\/wp\/v2\/pages\/15"}],"wp:attachment":[{"href":"https:\/\/hundesalon-kelheim.de\/index.php?rest_route=%2Fwp%2Fv2%2Fmedia&parent=301"}],"curies":[{"name":"wp","href":"https:\/\/api.w.org\/{rel}","templated":true}]}}