{"id":634,"date":"2018-09-30T19:24:18","date_gmt":"2018-09-30T19:24:18","guid":{"rendered":"http:\/\/hundesalon-kelheim.de\/?page_id=634"},"modified":"2019-10-05T08:24:50","modified_gmt":"2019-10-05T08:24:50","slug":"geschenkgutscheine","status":"publish","type":"page","link":"https:\/\/hundesalon-kelheim.de\/?page_id=634","title":{"rendered":"Neue Angebote"},"content":{"rendered":"<p><img loading=\"lazy\" decoding=\"async\" class=\"alignnone size-thumbnail wp-image-693\" src=\"https:\/\/hundesalon-kelheim.de\/wp-content\/uploads\/2018\/10\/WinterFit-150x150.jpg\" alt=\"\" width=\"150\" height=\"150\" srcset=\"https:\/\/hundesalon-kelheim.de\/wp-content\/uploads\/2018\/10\/WinterFit-150x150.jpg 150w, https:\/\/hundesalon-kelheim.de\/wp-content\/uploads\/2018\/10\/WinterFit-300x300.jpg 300w, https:\/\/hundesalon-kelheim.de\/wp-content\/uploads\/2018\/10\/WinterFit-230x230.jpg 230w, https:\/\/hundesalon-kelheim.de\/wp-content\/uploads\/2018\/10\/WinterFit-365x365.jpg 365w, https:\/\/hundesalon-kelheim.de\/wp-content\/uploads\/2018\/10\/WinterFit.jpg 518w\" sizes=\"auto, (max-width: 150px) 100vw, 150px\" \/> <img loading=\"lazy\" decoding=\"async\" class=\"alignnone size-thumbnail wp-image-645\" src=\"https:\/\/hundesalon-kelheim.de\/wp-content\/uploads\/2018\/09\/GutscheinNormal-2-150x150.png\" alt=\"\" width=\"150\" height=\"150\" srcset=\"https:\/\/hundesalon-kelheim.de\/wp-content\/uploads\/2018\/09\/GutscheinNormal-2-150x150.png 150w, https:\/\/hundesalon-kelheim.de\/wp-content\/uploads\/2018\/09\/GutscheinNormal-2-300x300.png 300w, https:\/\/hundesalon-kelheim.de\/wp-content\/uploads\/2018\/09\/GutscheinNormal-2-230x230.png 230w, https:\/\/hundesalon-kelheim.de\/wp-content\/uploads\/2018\/09\/GutscheinNormal-2-365x365.png 365w, https:\/\/hundesalon-kelheim.de\/wp-content\/uploads\/2018\/09\/GutscheinNormal-2.png 654w\" sizes=\"auto, (max-width: 150px) 100vw, 150px\" \/><\/p>\n<hr \/>\n<h2><strong><span style=\"color: #ff00ff;\">Winter-Fit-Schnitt<\/span><\/strong><\/h2>\n<p>Mit dem &#8220;Winter-Fit-Schnitt&#8221;\u00a0ist dein Liebling f\u00fcr jedes Wetter ger\u00fcstet!<\/p>\n<p>Sehr wichtig dabei ist, dass das Fell im Winter Schmutz- und Filzfrei gehalten wird, denn ein verfilztes Fell verliert seine isolierende Wirkung.<\/p>\n<p>Dabei w\u00e4hlt man die L\u00e4nge des Fells so,\u00a0 dass\u00a0 sich Schmutz und\u00a0 Schnee nicht so gut im Fell festsetzen k\u00f6nnen und gleichzeitig aber die Pflege nicht zu aufwendig ist.<\/p>\n<p>Schmutz und Eisf\u00e4nger wie Pfoten, Bauch und Beine werden passend zu den K\u00f6rperproportionen gek\u00fcrzt. Nat\u00fcrlich wird beim &#8220;Winter-Fit-Schnitt&#8221; auch f\u00fcr freie Sicht im Gesicht gesorgt. Die Krallenpflege ist nat\u00fcrlich inbegriffen.<\/p>\n<p>Das Deckhaar am K\u00f6rper wird also nur den Temperaturen entsprechend gek\u00fcrzt, um den w\u00e4rmenden Wintermantel des Hundes zu erhalten.<\/p>\n<hr \/>\n<h2><span style=\"color: #ff00ff;\"><strong>Schenk Fellness!<\/strong><\/span><\/h2>\n<p>Ob zum Geburtstag, einem besonderen Anlass oder einfach nur so &#8211; Fellness erfreut Hund und Halter!<\/p>\n<p><img loading=\"lazy\" decoding=\"async\" class=\"alignnone wp-image-645 size-full\" src=\"https:\/\/hundesalon-kelheim.de\/wp-content\/uploads\/2018\/09\/GutscheinNormal-2.png\" alt=\"\" width=\"654\" height=\"652\" srcset=\"https:\/\/hundesalon-kelheim.de\/wp-content\/uploads\/2018\/09\/GutscheinNormal-2.png 654w, https:\/\/hundesalon-kelheim.de\/wp-content\/uploads\/2018\/09\/GutscheinNormal-2-150x150.png 150w, https:\/\/hundesalon-kelheim.de\/wp-content\/uploads\/2018\/09\/GutscheinNormal-2-300x300.png 300w, https:\/\/hundesalon-kelheim.de\/wp-content\/uploads\/2018\/09\/GutscheinNormal-2-230x230.png 230w, https:\/\/hundesalon-kelheim.de\/wp-content\/uploads\/2018\/09\/GutscheinNormal-2-365x365.png 365w\" sizes=\"auto, (max-width: 654px) 100vw, 654px\" \/><\/p>\n<p><img loading=\"lazy\" decoding=\"async\" class=\"alignnone wp-image-643 size-full\" src=\"https:\/\/hundesalon-kelheim.de\/wp-content\/uploads\/2018\/09\/EsWeihnachtet-1.png\" alt=\"\" width=\"661\" height=\"655\" srcset=\"https:\/\/hundesalon-kelheim.de\/wp-content\/uploads\/2018\/09\/EsWeihnachtet-1.png 661w, https:\/\/hundesalon-kelheim.de\/wp-content\/uploads\/2018\/09\/EsWeihnachtet-1-150x150.png 150w, https:\/\/hundesalon-kelheim.de\/wp-content\/uploads\/2018\/09\/EsWeihnachtet-1-300x297.png 300w\" sizes=\"auto, (max-width: 661px) 100vw, 661px\" \/><\/p>\n","protected":false},"excerpt":{"rendered":"<p>Winter-Fit-Schnitt Mit dem &#8220;Winter-Fit-Schnitt&#8221;\u00a0ist dein Liebling f\u00fcr jedes Wetter ger\u00fcstet! Sehr wichtig dabei ist, dass das Fell im Winter Schmutz- und Filzfrei gehalten wird, denn ein verfilztes Fell verliert seine isolierende Wirkung. Dabei w\u00e4hlt man die L\u00e4nge des Fells so,\u00a0<\/p>\n","protected":false},"author":1,"featured_media":0,"parent":0,"menu_order":0,"comment_status":"closed","ping_status":"closed","template":"","meta":{"footnotes":""},"class_list":["post-634","page","type-page","status-publish","hentry"],"_links":{"self":[{"href":"https:\/\/hundesalon-kelheim.de\/index.php?rest_route=\/wp\/v2\/pages\/634","targetHints":{"allow":["GET"]}}],"collection":[{"href":"https:\/\/hundesalon-kelheim.de\/index.php?rest_route=\/wp\/v2\/pages"}],"about":[{"href":"https:\/\/hundesalon-kelheim.de\/index.php?rest_route=\/wp\/v2\/types\/page"}],"author":[{"embeddable":true,"href":"https:\/\/hundesalon-kelheim.de\/index.php?rest_route=\/wp\/v2\/users\/1"}],"replies":[{"embeddable":true,"href":"https:\/\/hundesalon-kelheim.de\/index.php?rest_route=%2Fwp%2Fv2%2Fcomments&post=634"}],"version-history":[{"count":45,"href":"https:\/\/hundesalon-kelheim.de\/index.php?rest_route=\/wp\/v2\/pages\/634\/revisions"}],"predecessor-version":[{"id":910,"href":"https:\/\/hundesalon-kelheim.de\/index.php?rest_route=\/wp\/v2\/pages\/634\/revisions\/910"}],"wp:attachment":[{"href":"https:\/\/hundesalon-kelheim.de\/index.php?rest_route=%2Fwp%2Fv2%2Fmedia&parent=634"}],"curies":[{"name":"wp","href":"https:\/\/api.w.org\/{rel}","templated":true}]}}